{"id":1208,"date":"2023-06-13T09:26:06","date_gmt":"2023-06-13T00:26:06","guid":{"rendered":"https:\/\/gracehongsam.com\/product\/%ed%99%8d%ec%82%bc%ed%99%a9%ed%83%9c%ed%8a%80%ea%b0%81\/"},"modified":"2023-07-25T14:08:21","modified_gmt":"2023-07-25T05:08:21","slug":"mon-twi-gak-ca-minh-thai-hong-sam","status":"publish","type":"product","link":"https:\/\/gracehongsam.com\/vi\/product\/mon-twi-gak-ca-minh-thai-hong-sam\/","title":{"rendered":"m\u00f3n Twi Gak c\u00e1 minh th\u00e1i h\u1ed3ng s\u00e2m"},"content":{"rendered":"","protected":false},"excerpt":{"rendered":"<table width=\"586\">\n<tbody>\n<tr>\n<td width=\"121\">Kh\u1ed1i l\u01b0\u1ee3ng t\u1ecbnh<\/td>\n<td width=\"465\">200g<\/td>\n<\/tr>\n<tr>\n<td>Nguy\u00ean li\u1ec7u v\u00e0 h\u00e0m l\u01b0\u1ee3ng<\/td>\n<td width=\"465\">&#8220;V\u1ecf c\u00e1 minh th\u00e1i (Xu\u1ea5t x\u1ee9: Nga), D\u1ea7u h\u1ea1t \u00f3c ch\u00f3 (Xu\u1ea5t x\u1ee9: M\u1ef9, Nga, Brazil v\u00e0 c\u00e1c n\u01b0\u1edbc kh\u00e1c)<br \/>\n\u0110\u01b0\u1eddng, Mu\u1ed1i bi\u1ec3n tinh ch\u1ebf, B\u1ed9t h\u1ed3ng s\u00e2m (Xu\u1ea5t x\u1ee9: H\u00e0n Qu\u1ed1c)&#8221;<\/p>\n<\/td>\n<\/tr>\n<\/tbody>\n<\/table>\n","protected":false},"featured_media":1096,"comment_status":"closed","ping_status":"closed","template":"","meta":{"inline_featured_image":false},"product_cat":[63],"product_tag":[],"_links":{"self":[{"href":"https:\/\/gracehongsam.com\/vi\/wp-json\/wp\/v3\/product\/1208"}],"collection":[{"href":"https:\/\/gracehongsam.com\/vi\/wp-json\/wp\/v3\/product"}],"about":[{"href":"https:\/\/gracehongsam.com\/vi\/wp-json\/wp\/v2\/types\/product"}],"replies":[{"embeddable":true,"href":"https:\/\/gracehongsam.com\/vi\/wp-json\/wp\/v2\/comments?post=1208"}],"wp:featuredmedia":[{"embeddable":true,"href":"https:\/\/gracehongsam.com\/vi\/wp-json\/wp\/v2\/media\/1096"}],"wp:attachment":[{"href":"https:\/\/gracehongsam.com\/vi\/wp-json\/wp\/v2\/media?parent=1208"}],"wp:term":[{"taxonomy":"product_cat","embeddable":true,"href":"https:\/\/gracehongsam.com\/vi\/wp-json\/wp\/v2\/product_cat?post=1208"},{"taxonomy":"product_tag","embeddable":true,"href":"https:\/\/gracehongsam.com\/vi\/wp-json\/wp\/v2\/product_tag?post=1208"}],"curies":[{"name":"wp","href":"https:\/\/api.w.org\/{rel}","templated":true}]}}