{"id":1207,"date":"2023-05-23T14:55:50","date_gmt":"2023-05-23T05:55:50","guid":{"rendered":"https:\/\/gracehongsam.com\/product\/%ed%99%8d%ec%82%bc%ec%96%b4%ed%8f%ac%ed%8a%80%ea%b0%81\/"},"modified":"2023-07-25T14:06:33","modified_gmt":"2023-07-25T05:06:33","slug":"mon-twi-gak-ca-kho-hong-sam","status":"publish","type":"product","link":"https:\/\/gracehongsam.com\/vi\/product\/mon-twi-gak-ca-kho-hong-sam\/","title":{"rendered":"M\u00f3n Twi Gak c\u00e1 kh\u00f4 h\u1ed3ng s\u00e2m"},"content":{"rendered":"","protected":false},"excerpt":{"rendered":"<table width=\"586\">\n<tbody>\n<tr>\n<td width=\"121\">Kh\u1ed1i l\u01b0\u1ee3ng t\u1ecbnh<\/td>\n<td width=\"465\">100g<\/td>\n<\/tr>\n<tr>\n<td>Nguy\u00ean li\u1ec7u v\u00e0 h\u00e0m l\u01b0\u1ee3ng<\/td>\n<td width=\"465\">C\u00e1 kh\u00f4 ch\u1ebf bi\u1ebfn [th\u1ecbt c\u00e1, \u0111\u01b0\u1eddng, tinh b\u1ed9t, mu\u1ed1i tinh ch\u1ebf, L- glutamate natri (ch\u1ea5t t\u0103ng c\u01b0\u1eddng h\u01b0\u01a1ng v\u1ecb), b\u01a1 ch\u1ebf bi\u1ebfn (s\u1eefa), h\u1ed7n h\u1ee3p ph\u1ed1t pho (natri pyrophosphate, natri tripolyphosphate), canxi cacbonat], d\u1ea7u h\u1ea1t \u00f3c ch\u00f3, b\u1ed9t h\u1ed3ng s\u00e2m (n\u1ed9i \u0111\u1ecba).\n<\/td>\n<\/tr>\n<\/tbody>\n<\/table>\n","protected":false},"featured_media":1092,"comment_status":"closed","ping_status":"closed","template":"","meta":{"inline_featured_image":false},"product_cat":[63],"product_tag":[],"_links":{"self":[{"href":"https:\/\/gracehongsam.com\/vi\/wp-json\/wp\/v3\/product\/1207"}],"collection":[{"href":"https:\/\/gracehongsam.com\/vi\/wp-json\/wp\/v3\/product"}],"about":[{"href":"https:\/\/gracehongsam.com\/vi\/wp-json\/wp\/v2\/types\/product"}],"replies":[{"embeddable":true,"href":"https:\/\/gracehongsam.com\/vi\/wp-json\/wp\/v2\/comments?post=1207"}],"wp:featuredmedia":[{"embeddable":true,"href":"https:\/\/gracehongsam.com\/vi\/wp-json\/wp\/v2\/media\/1092"}],"wp:attachment":[{"href":"https:\/\/gracehongsam.com\/vi\/wp-json\/wp\/v2\/media?parent=1207"}],"wp:term":[{"taxonomy":"product_cat","embeddable":true,"href":"https:\/\/gracehongsam.com\/vi\/wp-json\/wp\/v2\/product_cat?post=1207"},{"taxonomy":"product_tag","embeddable":true,"href":"https:\/\/gracehongsam.com\/vi\/wp-json\/wp\/v2\/product_tag?post=1207"}],"curies":[{"name":"wp","href":"https:\/\/api.w.org\/{rel}","templated":true}]}}