{"id":1199,"date":"2023-05-23T14:44:59","date_gmt":"2023-05-23T05:44:59","guid":{"rendered":"https:\/\/gracehongsam.com\/product\/%eb%b0%9c%ed%9a%a8%ed%99%8d%ec%82%bc%ec%a0%88%ed%8e%b8\/"},"modified":"2023-07-25T11:30:40","modified_gmt":"2023-07-25T02:30:40","slug":"hong-sam-cat-lat-len-men","status":"publish","type":"product","link":"https:\/\/gracehongsam.com\/vi\/product\/hong-sam-cat-lat-len-men\/","title":{"rendered":"H\u1ed3ng s\u00e2m c\u1eaft l\u00e1t l\u00ean men"},"content":{"rendered":"","protected":false},"excerpt":{"rendered":"<table width=\"586\">\n<tbody>\n<tr>\n<td width=\"121\">Kh\u1ed1i l\u01b0\u1ee3ng t\u1ecbnh<\/td>\n<td width=\"465\">100g(20g x 5c\u00e1i)<br \/>\n200g(20g x 10c\u00e1i)<br \/>\n300g(20g x 15c\u00e1i)\n<\/td>\n<\/tr>\n<tr>\n<td>Nguy\u00ean li\u1ec7u v\u00e0 h\u00e0m l\u01b0\u1ee3ng<\/td>\n<td width=\"465\">H\u1ed3ng s\u00e2m (n\u1ed9i \u0111\u1ecba)60%, \u0111\u01b0\u1eddng Fructooligo saccharide, m\u1eadt ong l\u00ean men, h\u1ed3ng s\u00e2m c\u00f4 \u0111\u1eb7c l\u00ean men (n\u1ed9i \u0111\u1ecba) 2%\n<\/td>\n<\/tr>\n<\/tbody>\n<\/table>\n","protected":false},"featured_media":1084,"comment_status":"closed","ping_status":"closed","template":"","meta":{"inline_featured_image":false},"product_cat":[62],"product_tag":[],"_links":{"self":[{"href":"https:\/\/gracehongsam.com\/vi\/wp-json\/wp\/v3\/product\/1199"}],"collection":[{"href":"https:\/\/gracehongsam.com\/vi\/wp-json\/wp\/v3\/product"}],"about":[{"href":"https:\/\/gracehongsam.com\/vi\/wp-json\/wp\/v2\/types\/product"}],"replies":[{"embeddable":true,"href":"https:\/\/gracehongsam.com\/vi\/wp-json\/wp\/v2\/comments?post=1199"}],"wp:featuredmedia":[{"embeddable":true,"href":"https:\/\/gracehongsam.com\/vi\/wp-json\/wp\/v2\/media\/1084"}],"wp:attachment":[{"href":"https:\/\/gracehongsam.com\/vi\/wp-json\/wp\/v2\/media?parent=1199"}],"wp:term":[{"taxonomy":"product_cat","embeddable":true,"href":"https:\/\/gracehongsam.com\/vi\/wp-json\/wp\/v2\/product_cat?post=1199"},{"taxonomy":"product_tag","embeddable":true,"href":"https:\/\/gracehongsam.com\/vi\/wp-json\/wp\/v2\/product_tag?post=1199"}],"curies":[{"name":"wp","href":"https:\/\/api.w.org\/{rel}","templated":true}]}}