{"id":1197,"date":"2023-05-23T14:42:31","date_gmt":"2023-05-23T05:42:31","guid":{"rendered":"https:\/\/gracehongsam.com\/product\/%eb%b0%9c%ed%9a%a8%ed%99%8d%ec%82%bc%ec%a0%95%ea%b3%bc%ed%95%9c%ec%a7%80-%ea%b3%a0%ea%b8%89\/"},"modified":"2023-07-25T11:08:43","modified_gmt":"2023-07-25T02:08:43","slug":"chiet-xuat-hong-sam-len-men-giay-truyen-thong-han-quoc-cao-cap","status":"publish","type":"product","link":"https:\/\/gracehongsam.com\/vi\/product\/chiet-xuat-hong-sam-len-men-giay-truyen-thong-han-quoc-cao-cap\/","title":{"rendered":"Chi\u1ebft xu\u1ea5t h\u1ed3ng s\u00e2m l\u00ean men (Gi\u1ea5y truy\u1ec1n th\u1ed1ng h\u00e0n qu\u1ed1c \/ cao c\u1ea5p)"},"content":{"rendered":"","protected":false},"excerpt":{"rendered":"<table width=\"586\">\n<tbody>\n<tr>\n<td width=\"121\">Kh\u1ed1i l\u01b0\u1ee3ng t\u1ecbnh<\/td>\n<td width=\"465\">400g\/600g\/800g\/1kg  v\u00e2n v\u00e2n\n<\/td>\n<\/tr>\n<tr>\n<td>Nguy\u00ean li\u1ec7u v\u00e0 h\u00e0m l\u01b0\u1ee3ng<\/td>\n<td width=\"465\">&#8220;H\u1ed3ng s\u00e2m (n\u1ed9i \u0111\u1ecba) 55%, \u0111\u01b0\u1eddng fructose, \u0111\u01b0\u1eddng Fructooligo saccharide, h\u1ed3ng s\u00e2m c\u00f4 \u0111\u1eb7c l\u00ean men (n\u1ed9i \u0111\u1ecba), m\u1eadt ong l\u00ean men (n\u1ed9i \u0111\u1ecba)<br \/>\n*S\u1ef1 kh\u00e1c bi\u1ec7t gi\u1eefa chi\u1ebft xu\u1ea5t h\u1ed3ng s\u00e2m l\u00ean men (h\u1ed9p\/cao c\u1ea5p) l\u00e0 quy c\u00e1ch \u0111\u00f3ng g\u00f3i.&#8221;\n<\/td>\n<\/tr>\n<\/tbody>\n<\/table>\n","protected":false},"featured_media":1082,"comment_status":"closed","ping_status":"closed","template":"","meta":{"inline_featured_image":false},"product_cat":[62],"product_tag":[],"_links":{"self":[{"href":"https:\/\/gracehongsam.com\/vi\/wp-json\/wp\/v3\/product\/1197"}],"collection":[{"href":"https:\/\/gracehongsam.com\/vi\/wp-json\/wp\/v3\/product"}],"about":[{"href":"https:\/\/gracehongsam.com\/vi\/wp-json\/wp\/v2\/types\/product"}],"replies":[{"embeddable":true,"href":"https:\/\/gracehongsam.com\/vi\/wp-json\/wp\/v2\/comments?post=1197"}],"wp:featuredmedia":[{"embeddable":true,"href":"https:\/\/gracehongsam.com\/vi\/wp-json\/wp\/v2\/media\/1082"}],"wp:attachment":[{"href":"https:\/\/gracehongsam.com\/vi\/wp-json\/wp\/v2\/media?parent=1197"}],"wp:term":[{"taxonomy":"product_cat","embeddable":true,"href":"https:\/\/gracehongsam.com\/vi\/wp-json\/wp\/v2\/product_cat?post=1197"},{"taxonomy":"product_tag","embeddable":true,"href":"https:\/\/gracehongsam.com\/vi\/wp-json\/wp\/v2\/product_tag?post=1197"}],"curies":[{"name":"wp","href":"https:\/\/api.w.org\/{rel}","templated":true}]}}