{"id":1194,"date":"2023-05-23T14:30:27","date_gmt":"2023-05-23T05:30:27","guid":{"rendered":"https:\/\/gracehongsam.com\/product\/%ed%99%8d%ec%82%bc%eb%b0%b1%ec%84%9c-%ed%99%8d%ec%82%bc%ec%a7%84%ea%b3%a8%eb%93%9c\/"},"modified":"2023-07-25T10:58:16","modified_gmt":"2023-07-25T01:58:16","slug":"sach-ve-hong-sam-hong-sam-jin-gold","status":"publish","type":"product","link":"https:\/\/gracehongsam.com\/vi\/product\/sach-ve-hong-sam-hong-sam-jin-gold\/","title":{"rendered":"S\u00e1ch v\u1ec1 h\u1ed3ng s\u00e2m h\u1ed3ng s\u00e2m Jin Gold"},"content":{"rendered":"","protected":false},"excerpt":{"rendered":"<table width=\"586\">\n<tbody>\n<tr>\n<td width=\"121\">Kh\u1ed1i l\u01b0\u1ee3ng t\u1ecbnh<\/td>\n<td width=\"465\">2100ml(70ml x 30 g\u00f3i)\n<\/td>\n<\/tr>\n<tr>\n<td>Nguy\u00ean li\u1ec7u v\u00e0 h\u00e0m l\u01b0\u1ee3ng<\/td>\n<td width=\"465\">Chi\u1ebft xu\u1ea5t h\u1ed7n h\u1ee3p t\u1eeb th\u1ef1c v\u1eadt [ng\u01b0u ho\u00e0ng , r\u1ec5 c\u00e2y dong, l\u1edbp trung b\u00ec, v.v.], Chi\u1ebft xu\u1ea5t nh\u00e2n s\u00e2m \u0111\u1ecf, \u0111\u01b0\u1eddng Fructooligo saccharide\n<\/td>\n<\/tr>\n<\/tbody>\n<\/table>\n","protected":false},"featured_media":1094,"comment_status":"closed","ping_status":"closed","template":"","meta":{"inline_featured_image":false},"product_cat":[61],"product_tag":[],"_links":{"self":[{"href":"https:\/\/gracehongsam.com\/vi\/wp-json\/wp\/v3\/product\/1194"}],"collection":[{"href":"https:\/\/gracehongsam.com\/vi\/wp-json\/wp\/v3\/product"}],"about":[{"href":"https:\/\/gracehongsam.com\/vi\/wp-json\/wp\/v2\/types\/product"}],"replies":[{"embeddable":true,"href":"https:\/\/gracehongsam.com\/vi\/wp-json\/wp\/v2\/comments?post=1194"}],"wp:featuredmedia":[{"embeddable":true,"href":"https:\/\/gracehongsam.com\/vi\/wp-json\/wp\/v2\/media\/1094"}],"wp:attachment":[{"href":"https:\/\/gracehongsam.com\/vi\/wp-json\/wp\/v2\/media?parent=1194"}],"wp:term":[{"taxonomy":"product_cat","embeddable":true,"href":"https:\/\/gracehongsam.com\/vi\/wp-json\/wp\/v2\/product_cat?post=1194"},{"taxonomy":"product_tag","embeddable":true,"href":"https:\/\/gracehongsam.com\/vi\/wp-json\/wp\/v2\/product_tag?post=1194"}],"curies":[{"name":"wp","href":"https:\/\/api.w.org\/{rel}","templated":true}]}}