{"id":1192,"date":"2023-05-23T14:27:45","date_gmt":"2023-05-23T05:27:45","guid":{"rendered":"https:\/\/gracehongsam.com\/product\/%ec%a7%84%ed%99%8d%ec%82%bc%ec%95%a1-%ed%94%84%eb%a6%ac%eb%af%b8%ec%97%84\/"},"modified":"2023-07-25T10:32:06","modified_gmt":"2023-07-25T01:32:06","slug":"chiet-suat-hong-sam-cao-cap","status":"publish","type":"product","link":"https:\/\/gracehongsam.com\/vi\/product\/chiet-suat-hong-sam-cao-cap\/","title":{"rendered":"Chi\u1ebft su\u1ea5t h\u1ed3ng s\u00e2m cao c\u1ea5p"},"content":{"rendered":"","protected":false},"excerpt":{"rendered":"<table width=\"586\">\n<tbody>\n<tr>\n<td width=\"121\">Kh\u1ed1i l\u01b0\u1ee3ng t\u1ecbnh<\/td>\n<td width=\"465\">2400ml(80ml x 30 g\u00f3i)\n<\/td>\n<\/tr>\n<tr>\n<td>Nguy\u00ean li\u1ec7u v\u00e0 h\u00e0m l\u01b0\u1ee3ng\n<\/td>\n<td width=\"465\">H\u1ed3ng s\u00e2m c\u00f4 \u0111\u1eb7c (h\u00e0m l\u01b0\u1ee3ng r\u1eafn h\u01a1n 60% , ginsenoside Rg1+Rb1+Rg3 t\u1ed5ng 5mg\/g, n\u1ed9i \u0111\u1ecba) 5%, n\u01b0\u1edbc tinh khi\u1ebft\n<\/td>\n<\/tr>\n<\/tbody>\n<\/table>\n","protected":false},"featured_media":1078,"comment_status":"closed","ping_status":"closed","template":"","meta":{"inline_featured_image":false},"product_cat":[61],"product_tag":[],"_links":{"self":[{"href":"https:\/\/gracehongsam.com\/vi\/wp-json\/wp\/v3\/product\/1192"}],"collection":[{"href":"https:\/\/gracehongsam.com\/vi\/wp-json\/wp\/v3\/product"}],"about":[{"href":"https:\/\/gracehongsam.com\/vi\/wp-json\/wp\/v2\/types\/product"}],"replies":[{"embeddable":true,"href":"https:\/\/gracehongsam.com\/vi\/wp-json\/wp\/v2\/comments?post=1192"}],"wp:featuredmedia":[{"embeddable":true,"href":"https:\/\/gracehongsam.com\/vi\/wp-json\/wp\/v2\/media\/1078"}],"wp:attachment":[{"href":"https:\/\/gracehongsam.com\/vi\/wp-json\/wp\/v2\/media?parent=1192"}],"wp:term":[{"taxonomy":"product_cat","embeddable":true,"href":"https:\/\/gracehongsam.com\/vi\/wp-json\/wp\/v2\/product_cat?post=1192"},{"taxonomy":"product_tag","embeddable":true,"href":"https:\/\/gracehongsam.com\/vi\/wp-json\/wp\/v2\/product_tag?post=1192"}],"curies":[{"name":"wp","href":"https:\/\/api.w.org\/{rel}","templated":true}]}}