{"id":1190,"date":"2023-05-23T14:23:56","date_gmt":"2023-05-23T05:23:56","guid":{"rendered":"https:\/\/gracehongsam.com\/product\/%ed%94%84%eb%a6%ac%eb%af%b8%ec%97%84-%ed%99%8d%ec%82%bc%e7%9c%9e%ec%8a%a4%ed%8b%b1\/"},"modified":"2023-07-25T10:22:29","modified_gmt":"2023-07-25T01:22:29","slug":"que-hong-sam-cao-cap","status":"publish","type":"product","link":"https:\/\/gracehongsam.com\/vi\/product\/que-hong-sam-cao-cap\/","title":{"rendered":"Que h\u1ed3ng s\u00e2m cao c\u1ea5p"},"content":{"rendered":"","protected":false},"excerpt":{"rendered":"<table width=\"586\">\n<tbody>\n<tr>\n<td width=\"121\">Kh\u1ed1i l\u01b0\u1ee3ng t\u1ecbnh<\/td>\n<td width=\"465\">300ml(10ml x 30 g\u00f3i)\n<\/td>\n<\/tr>\n<tr>\n<td>Nguy\u00ean li\u1ec7u v\u00e0 h\u00e0m l\u01b0\u1ee3ng<\/td>\n<td width=\"465\">Chi\u1ebft xu\u1ea5t h\u1ed7n h\u1ee3p t\u1eeb th\u1ef1c v\u1eadt [\u0111\u1ecba ho\u00e0ng, r\u1ec5 c\u00e2y dong, v.v.], chi\u1ebft xu\u1ea5t nh\u00e2n s\u00e2m \u0111\u1ecf 30%, fructooligosacarit, dextrin, t\u00e1o t\u00e0u c\u00f4 \u0111\u1eb7c\n<\/td>\n<\/tr>\n<\/tbody>\n<\/table>\n","protected":false},"featured_media":1095,"comment_status":"closed","ping_status":"closed","template":"","meta":{"inline_featured_image":false},"product_cat":[60],"product_tag":[],"_links":{"self":[{"href":"https:\/\/gracehongsam.com\/vi\/wp-json\/wp\/v3\/product\/1190"}],"collection":[{"href":"https:\/\/gracehongsam.com\/vi\/wp-json\/wp\/v3\/product"}],"about":[{"href":"https:\/\/gracehongsam.com\/vi\/wp-json\/wp\/v2\/types\/product"}],"replies":[{"embeddable":true,"href":"https:\/\/gracehongsam.com\/vi\/wp-json\/wp\/v2\/comments?post=1190"}],"wp:featuredmedia":[{"embeddable":true,"href":"https:\/\/gracehongsam.com\/vi\/wp-json\/wp\/v2\/media\/1095"}],"wp:attachment":[{"href":"https:\/\/gracehongsam.com\/vi\/wp-json\/wp\/v2\/media?parent=1190"}],"wp:term":[{"taxonomy":"product_cat","embeddable":true,"href":"https:\/\/gracehongsam.com\/vi\/wp-json\/wp\/v2\/product_cat?post=1190"},{"taxonomy":"product_tag","embeddable":true,"href":"https:\/\/gracehongsam.com\/vi\/wp-json\/wp\/v2\/product_tag?post=1190"}],"curies":[{"name":"wp","href":"https:\/\/api.w.org\/{rel}","templated":true}]}}