{"id":1188,"date":"2023-05-23T14:21:41","date_gmt":"2023-05-23T05:21:41","guid":{"rendered":"https:\/\/gracehongsam.com\/product\/%ec%98%a8%ea%b0%80%ec%a1%b1%ec%9d%b4-%ec%a6%90%ea%b8%b0%eb%8a%94-%ed%99%8d%ec%82%bc%ec%a0%95-%ed%94%84%eb%a6%ac%eb%af%b8%ec%97%84-%ec%8a%a4%ed%8b%b1%ec%84%b8%ed%8a%b8\/"},"modified":"2023-07-25T10:20:18","modified_gmt":"2023-07-25T01:20:18","slug":"set-que-cao-cap-chiet-xuat-hong-sam-duoc-ca-gia-dinh-yeu-thich","status":"publish","type":"product","link":"https:\/\/gracehongsam.com\/vi\/product\/set-que-cao-cap-chiet-xuat-hong-sam-duoc-ca-gia-dinh-yeu-thich\/","title":{"rendered":"Set que cao c\u1ea5p chi\u1ebft xu\u1ea5t h\u1ed3ng s\u00e2m \u0111\u01b0\u1ee3c c\u1ea3 gia \u0111\u00ecnh y\u00eau th\u00edch"},"content":{"rendered":"","protected":false},"excerpt":{"rendered":"<table width=\"586\">\n<tbody>\n<tr>\n<td width=\"121\">Kh\u1ed1i l\u01b0\u1ee3ng t\u1ecbnh<\/td>\n<td width=\"465\">280ml(10ml x 28 g\u00f3i)<\/td>\n<\/tr>\n<tr>\n<td>Nguy\u00ean li\u1ec7u v\u00e0 h\u00e0m l\u01b0\u1ee3ng<\/td>\n<td width=\"465\"><strong>Chi\u1ebft xu\u1ea5t h\u1ed3ng s\u00e2m d\u1ea1ng que cao c\u1ea5p H\u00e0n Qu\u1ed1c: H\u1ed3ng s\u00e2m c\u00f4 \u0111\u1eb7c 30% (t\u1ed5ng Rg1, Rb1, Rb3 8mg\/g, h\u00e0m l\u01b0\u1ee3ng r\u1eafn 65% tr\u1edf l\u00ean, n\u1ed9i \u0111\u1ecba), n\u01b0\u1edbc tinh khi\u1ebft<br \/>\nQue chi\u1ebft xu\u1ea5t h\u1ed3ng s\u00e2m l\u00ean men b\u1ed3i d\u01b0\u1ee1ng n\u0103ng l\u01b0\u1ee3ng: h\u1ed3ng s\u00e2m c\u00f4 \u0111\u1eb7c l\u00ean men 2% (5mg\/g ginsenoside Rg1, Rb1, Rb3 t\u1ed5ng, h\u00e0m l\u01b0\u1ee3ng r\u1eafn 60% tr\u1edf l\u00ean, 100% n\u1ed9i \u0111\u1ecba ), chi\u1ebft su\u1ea5t h\u1ed3ng s\u00e2m (ginsenoside Rg1, Rb1, Rb3 t\u1ed5ng c\u1ed9ng 8mg\/g, h\u00e0m l\u01b0\u1ee3ng r\u1eafn 60%, n\u1ed9i \u0111\u1ecba 100%) 5%, t\u00e1o t\u00e0u c\u00f4 \u0111\u1eb7c, chi\u1ebft xu\u1ea5t th\u1ef1c v\u1eadt h\u1ed7n h\u1ee3p (chi ng\u01b0u t\u1ea5t,c\u00e2u k\u1ec9 t\u1eed , v.v.), chi\u1ebft xu\u1ea5t l\u1ed9c nhung c\u00f4 \u0111\u1eb7c, \u0111\u01b0\u1eddng Fructooligo saccharide, m\u1eadt ong, n\u01b0\u1edbc tinh khi\u1ebft<br \/>\nQue h\u1ed3ng s\u00e2m m\u1ed9c \u1ea9m l\u00ean men \u00f4 long : Ch\u1ea5t l\u1ecfng l\u00ean men t\u1eeb Hoa chu\u00f4ng (n\u1ed9i \u0111\u1ecba) 50%, chi\u1ebft su\u1ea5t hoa chu\u00f4ng (n\u1ed9i \u0111\u1ecba) 20%, chi\u1ebft su\u1ea5t l\u00ea (n\u1ed9i \u0111\u1ecba), chi\u1ebft xu\u1ea5t c\u00e2y th\u00f9a hoa hu\u1ec7 (n\u1ed9i \u0111\u1ecba), chi\u1ebft su\u1ea5t h\u1ed3ng s\u00e2m (n\u1ed9i \u0111\u1ecba) 3%<br \/>\nQue chi\u1ebft su\u1ea5t h\u1ed3ng s\u00e2m l\u00ean men Kid&#8217;s Favorite: H\u1ed3ng s\u00e2m c\u00f4 \u0111\u1eb7c l\u00ean men 2% (5mg\/g ginsenosides Rg1, Rb1, Rb3, h\u00e0m l\u01b0\u1ee3ng r\u1eafn 60% tr\u1edf l\u00ean, h\u00e0ng n\u1ed9i \u0111\u1ecba), H\u1ed3ng s\u00e2m c\u00f4 \u0111\u1eb7c 3% (8mg\/g ginsenosides Rg1, Rb1, Rb3), t\u00e1o t\u00e0u c\u00f4 \u0111\u1eb7c, S\u00e2m Siberian\u00a0, chi\u1ebft xu\u1ea5t l\u1ed9c nhung, \u0111\u01b0\u1eddng Fructooligo saccharide, m\u1eadt ong, n\u01b0\u1edbc tinh khi\u1ebft.<\/td>\n<\/tr>\n<\/tbody>\n<\/table>\n","protected":false},"featured_media":1076,"comment_status":"closed","ping_status":"closed","template":"","meta":{"inline_featured_image":false},"product_cat":[60],"product_tag":[],"_links":{"self":[{"href":"https:\/\/gracehongsam.com\/vi\/wp-json\/wp\/v3\/product\/1188"}],"collection":[{"href":"https:\/\/gracehongsam.com\/vi\/wp-json\/wp\/v3\/product"}],"about":[{"href":"https:\/\/gracehongsam.com\/vi\/wp-json\/wp\/v2\/types\/product"}],"replies":[{"embeddable":true,"href":"https:\/\/gracehongsam.com\/vi\/wp-json\/wp\/v2\/comments?post=1188"}],"wp:featuredmedia":[{"embeddable":true,"href":"https:\/\/gracehongsam.com\/vi\/wp-json\/wp\/v2\/media\/1076"}],"wp:attachment":[{"href":"https:\/\/gracehongsam.com\/vi\/wp-json\/wp\/v2\/media?parent=1188"}],"wp:term":[{"taxonomy":"product_cat","embeddable":true,"href":"https:\/\/gracehongsam.com\/vi\/wp-json\/wp\/v2\/product_cat?post=1188"},{"taxonomy":"product_tag","embeddable":true,"href":"https:\/\/gracehongsam.com\/vi\/wp-json\/wp\/v2\/product_tag?post=1188"}],"curies":[{"name":"wp","href":"https:\/\/api.w.org\/{rel}","templated":true}]}}