{"id":1185,"date":"2023-05-23T14:19:45","date_gmt":"2023-05-23T05:19:45","guid":{"rendered":"https:\/\/gracehongsam.com\/product\/%ed%99%9c%eb%a0%a5-%eb%b0%9c%ed%9a%a8%ed%99%8d%ec%82%bc%ec%a0%95-%ec%8a%a4%ed%8b%b1\/"},"modified":"2023-07-25T10:16:11","modified_gmt":"2023-07-25T01:16:11","slug":"que-hong-sam-len-men-tang-cuong-nang-luong","status":"publish","type":"product","link":"https:\/\/gracehongsam.com\/vi\/product\/que-hong-sam-len-men-tang-cuong-nang-luong\/","title":{"rendered":"Que h\u1ed3ng s\u00e2m l\u00ean men t\u0103ng c\u01b0\u1eddng n\u0103ng l\u01b0\u1ee3ng"},"content":{"rendered":"","protected":false},"excerpt":{"rendered":"<table width=\"586\">\n<tbody>\n<tr>\n<td width=\"121\">Kh\u1ed1i l\u01b0\u1ee3ng t\u1ecbnh<\/td>\n<td width=\"465\">300ml(10ml x 30 g\u00f3i)\n<\/td>\n<\/tr>\n<tr>\n<td>Nguy\u00ean li\u1ec7u v\u00e0 h\u00e0m l\u01b0\u1ee3ng<\/td>\n<td width=\"465\">H\u1ed3ng s\u00e2m c\u00f4 \u0111\u1eb7c l\u00ean men (t\u1ed5ng h\u1ee3p ginsenosides Rg1, Rb1, Rb3 5mg\/g, h\u00e0m l\u01b0\u1ee3ng r\u1eafn 60% tr\u1edf l\u00ean, n\u1ed9i \u0111\u1ecba 100%) 2%, h\u1ed3ng s\u00e2m c\u00f4 \u0111\u1eb7c (ginsenosides Rg1, Rb1, Rb3 t\u1ed5ng h\u1ee3p 8mg\/g, h\u00e0m l\u01b0\u1ee3ng r\u1eafn 60%, n\u1ed9i \u0111\u1ecba 100%) 5%, t\u00e1o t\u00e0u c\u00f4 \u0111\u1eb7c,chi\u1ebft xu\u1ea5t h\u1ed7n h\u1ee3p t\u1eeb th\u1ef1c v\u1eadt (chi ng\u01b0u t\u1ea5t, c\u00e2u k\u1ec9 t\u1eed, v.v.), chi\u1ebft xu\u1ea5t nhung h\u01b0\u01a1u, \u0111\u01b0\u1eddng Fructooligo saccharide, m\u1eadt ong, n\u01b0\u1edbc tinh khi\u1ebft\n<\/td>\n<\/tr>\n<\/tbody>\n<\/table>\n","protected":false},"featured_media":1075,"comment_status":"closed","ping_status":"closed","template":"","meta":{"inline_featured_image":false},"product_cat":[60],"product_tag":[],"_links":{"self":[{"href":"https:\/\/gracehongsam.com\/vi\/wp-json\/wp\/v3\/product\/1185"}],"collection":[{"href":"https:\/\/gracehongsam.com\/vi\/wp-json\/wp\/v3\/product"}],"about":[{"href":"https:\/\/gracehongsam.com\/vi\/wp-json\/wp\/v2\/types\/product"}],"replies":[{"embeddable":true,"href":"https:\/\/gracehongsam.com\/vi\/wp-json\/wp\/v2\/comments?post=1185"}],"wp:featuredmedia":[{"embeddable":true,"href":"https:\/\/gracehongsam.com\/vi\/wp-json\/wp\/v2\/media\/1075"}],"wp:attachment":[{"href":"https:\/\/gracehongsam.com\/vi\/wp-json\/wp\/v2\/media?parent=1185"}],"wp:term":[{"taxonomy":"product_cat","embeddable":true,"href":"https:\/\/gracehongsam.com\/vi\/wp-json\/wp\/v2\/product_cat?post=1185"},{"taxonomy":"product_tag","embeddable":true,"href":"https:\/\/gracehongsam.com\/vi\/wp-json\/wp\/v2\/product_tag?post=1185"}],"curies":[{"name":"wp","href":"https:\/\/api.w.org\/{rel}","templated":true}]}}