{"id":1184,"date":"2023-05-23T14:11:21","date_gmt":"2023-05-23T05:11:21","guid":{"rendered":"https:\/\/gracehongsam.com\/product\/%ec%a7%84%ed%95%9c%eb%82%98%ec%b0%a8\/"},"modified":"2023-07-24T17:19:13","modified_gmt":"2023-07-24T08:19:13","slug":"tra-dam-dac","status":"publish","type":"product","link":"https:\/\/gracehongsam.com\/vi\/product\/tra-dam-dac\/","title":{"rendered":"Tr\u00e0 \u0111\u1eadm \u0111\u1eb7c"},"content":{"rendered":"","protected":false},"excerpt":{"rendered":"<table width=\"586\">\n<tbody>\n<tr>\n<td width=\"121\">Kh\u1ed1i l\u01b0\u1ee3ng t\u1ecbnh<\/td>\n<td width=\"465\">300ml(10ml x 30 g\u00f3i)\n<\/td>\n<\/tr>\n<tr>\n<td>Nguy\u00ean li\u1ec7u v\u00e0 h\u00e0m l\u01b0\u1ee3ng<\/td>\n<td width=\"465\">Chi\u1ebft su\u1ea5t h\u1ed3ng s\u00e2m (n\u1ed9i \u0111\u1ecba) 20%, chi\u1ebft xu\u1ea5t h\u1ed7n h\u1ee3p t\u1eeb th\u1ef1c v\u1eadt (\u0111\u1ea1i h\u1ed3i, \u00fd d\u0129 ), \u0111\u01b0\u1eddng Fructooligo saccharide\n<\/td>\n<\/tr>\n<\/tbody>\n<\/table>\n","protected":false},"featured_media":1074,"comment_status":"closed","ping_status":"closed","template":"","meta":{"inline_featured_image":false},"product_cat":[60],"product_tag":[],"_links":{"self":[{"href":"https:\/\/gracehongsam.com\/vi\/wp-json\/wp\/v3\/product\/1184"}],"collection":[{"href":"https:\/\/gracehongsam.com\/vi\/wp-json\/wp\/v3\/product"}],"about":[{"href":"https:\/\/gracehongsam.com\/vi\/wp-json\/wp\/v2\/types\/product"}],"replies":[{"embeddable":true,"href":"https:\/\/gracehongsam.com\/vi\/wp-json\/wp\/v2\/comments?post=1184"}],"wp:featuredmedia":[{"embeddable":true,"href":"https:\/\/gracehongsam.com\/vi\/wp-json\/wp\/v2\/media\/1074"}],"wp:attachment":[{"href":"https:\/\/gracehongsam.com\/vi\/wp-json\/wp\/v2\/media?parent=1184"}],"wp:term":[{"taxonomy":"product_cat","embeddable":true,"href":"https:\/\/gracehongsam.com\/vi\/wp-json\/wp\/v2\/product_cat?post=1184"},{"taxonomy":"product_tag","embeddable":true,"href":"https:\/\/gracehongsam.com\/vi\/wp-json\/wp\/v2\/product_tag?post=1184"}],"curies":[{"name":"wp","href":"https:\/\/api.w.org\/{rel}","templated":true}]}}