{"id":1182,"date":"2023-05-10T10:50:44","date_gmt":"2023-05-10T01:50:44","guid":{"rendered":"https:\/\/gracehongsam.com\/product\/%eb%b0%9c%ed%9a%a8%ed%99%8d%ec%82%bc%ec%a0%95-%ec%95%84%ec%9d%b4%ec%a2%8b%ec%95%84-%ed%94%8c%eb%9f%ac%ec%8a%a4\/"},"modified":"2023-07-24T16:31:18","modified_gmt":"2023-07-24T07:31:18","slug":"chiet-suat-hong-sam-len-men-kids-favorite-plus","status":"publish","type":"product","link":"https:\/\/gracehongsam.com\/vi\/product\/chiet-suat-hong-sam-len-men-kids-favorite-plus\/","title":{"rendered":"Chi\u1ebft su\u1ea5t h\u1ed3ng s\u00e2m l\u00ean men Kid&#8217;s Favorite plus"},"content":{"rendered":"","protected":false},"excerpt":{"rendered":"<table width=\"586\">\n<tbody>\n<tr>\n<td width=\"121\">Kh\u1ed1i l\u01b0\u1ee3ng t\u1ecbnh<\/td>\n<td width=\"465\">300ml(10ml x 30 g\u00f3i)<\/td>\n<\/tr>\n<tr>\n<td>Nguy\u00ean li\u1ec7u v\u00e0 h\u00e0m l\u01b0\u1ee3ng<\/td>\n<td width=\"465\">H\u1ed3ng s\u00e2m c\u00f4 \u0111\u1eb7c l\u00ean men (ginsenoside Rg1, Rb1, Rb3 t\u1ed5ng h\u1ee3p 7mg\/g, h\u00e0m l\u01b0\u1ee3ng r\u1eafn 60% tr\u1edf l\u00ean,  n\u1ed9i \u0111\u1ecba) 5%, chi\u1ebft su\u1ea5t l\u00ea, chi\u1ebft xu\u1ea5t t\u1eeb th\u1ef1c v\u1eadt  (l\u1ed9c nhung, ng\u0169 gia b\u00ec, t\u00e1o t\u00e0u).\n<\/td>\n<\/tr>\n<\/tbody>\n<\/table>\n","protected":false},"featured_media":1058,"comment_status":"closed","ping_status":"closed","template":"","meta":{"inline_featured_image":false},"product_cat":[60],"product_tag":[],"_links":{"self":[{"href":"https:\/\/gracehongsam.com\/vi\/wp-json\/wp\/v3\/product\/1182"}],"collection":[{"href":"https:\/\/gracehongsam.com\/vi\/wp-json\/wp\/v3\/product"}],"about":[{"href":"https:\/\/gracehongsam.com\/vi\/wp-json\/wp\/v2\/types\/product"}],"replies":[{"embeddable":true,"href":"https:\/\/gracehongsam.com\/vi\/wp-json\/wp\/v2\/comments?post=1182"}],"wp:featuredmedia":[{"embeddable":true,"href":"https:\/\/gracehongsam.com\/vi\/wp-json\/wp\/v2\/media\/1058"}],"wp:attachment":[{"href":"https:\/\/gracehongsam.com\/vi\/wp-json\/wp\/v2\/media?parent=1182"}],"wp:term":[{"taxonomy":"product_cat","embeddable":true,"href":"https:\/\/gracehongsam.com\/vi\/wp-json\/wp\/v2\/product_cat?post=1182"},{"taxonomy":"product_tag","embeddable":true,"href":"https:\/\/gracehongsam.com\/vi\/wp-json\/wp\/v2\/product_tag?post=1182"}],"curies":[{"name":"wp","href":"https:\/\/api.w.org\/{rel}","templated":true}]}}