{"id":1181,"date":"2023-05-10T10:47:55","date_gmt":"2023-05-10T01:47:55","guid":{"rendered":"https:\/\/gracehongsam.com\/product\/%eb%b0%9c%ed%9a%a8%ed%99%8d%ec%82%bc%ec%a0%95-%ec%95%84%ec%9d%b4%ec%a2%8b%ec%95%84\/"},"modified":"2023-07-24T16:14:14","modified_gmt":"2023-07-24T07:14:14","slug":"chiet-suat-hong-sam-len-men-kids-favorite","status":"publish","type":"product","link":"https:\/\/gracehongsam.com\/vi\/product\/chiet-suat-hong-sam-len-men-kids-favorite\/","title":{"rendered":"Chi\u1ebft su\u1ea5t h\u1ed3ng s\u00e2m l\u00ean men Kid&#8217;s Favorite"},"content":{"rendered":"","protected":false},"excerpt":{"rendered":"<table width=\"586\">\n<tbody>\n<tr>\n<td width=\"121\">Kh\u1ed1i l\u01b0\u1ee3ng t\u1ecbnh<\/td>\n<td width=\"465\">300ml(10ml x 30 g\u00f3i)\n<\/td>\n<\/tr>\n<tr>\n<td>Nguy\u00ean li\u1ec7u v\u00e0 h\u00e0m l\u01b0\u1ee3ng\n<\/td>\n<td width=\"465\">H\u1ed3ng s\u00e2m c\u00f4 \u0111\u1eb7c l\u00ean men: S\u00e2m h\u1ed3ng l\u00ean men n\u01b0\u1edbc (ginsenoside Rg1, Rb1, Rb3 t\u1ed5ng h\u1ee3p 5mg\/g, h\u00e0m l\u01b0\u1ee3ng r\u1eafn 60% tr\u1edf l\u00ean, n\u1ed9i \u0111\u1ecba) 2%, chi\u1ebft su\u1ea5t h\u1ed3ng s\u00e2m (Rg1, Rb1, Rb3 t\u1ed5ng h\u1ee3p 8mg\/g) 3%, chi\u1ebft xu\u1ea5t t\u00e1o t\u00e0u, chi\u1ebft xu\u1ea5t t\u1eeb s\u00e2m Siberian, chi\u1ebft xu\u1ea5t t\u1eeb l\u1ed9c nhung, \u0111\u01b0\u1eddng Fructooligo saccharide, m\u1eadt ong, n\u01b0\u1edbc tinh khi\u1ebft<\/p>\n<\/td>\n<\/tr>\n<\/tbody>\n<\/table>\n","protected":false},"featured_media":1057,"comment_status":"closed","ping_status":"closed","template":"","meta":{"inline_featured_image":false},"product_cat":[60],"product_tag":[],"_links":{"self":[{"href":"https:\/\/gracehongsam.com\/vi\/wp-json\/wp\/v3\/product\/1181"}],"collection":[{"href":"https:\/\/gracehongsam.com\/vi\/wp-json\/wp\/v3\/product"}],"about":[{"href":"https:\/\/gracehongsam.com\/vi\/wp-json\/wp\/v2\/types\/product"}],"replies":[{"embeddable":true,"href":"https:\/\/gracehongsam.com\/vi\/wp-json\/wp\/v2\/comments?post=1181"}],"wp:featuredmedia":[{"embeddable":true,"href":"https:\/\/gracehongsam.com\/vi\/wp-json\/wp\/v2\/media\/1057"}],"wp:attachment":[{"href":"https:\/\/gracehongsam.com\/vi\/wp-json\/wp\/v2\/media?parent=1181"}],"wp:term":[{"taxonomy":"product_cat","embeddable":true,"href":"https:\/\/gracehongsam.com\/vi\/wp-json\/wp\/v2\/product_cat?post=1181"},{"taxonomy":"product_tag","embeddable":true,"href":"https:\/\/gracehongsam.com\/vi\/wp-json\/wp\/v2\/product_tag?post=1181"}],"curies":[{"name":"wp","href":"https:\/\/api.w.org\/{rel}","templated":true}]}}