{"id":1179,"date":"2023-05-10T10:37:43","date_gmt":"2023-05-10T01:37:43","guid":{"rendered":"https:\/\/gracehongsam.com\/product\/%ed%9d%91%ec%82%bc-%ed%99%8d%ec%82%bc-%ed%94%84%eb%a6%ac%eb%af%b8%ec%97%84-%ec%8a%a4%ed%8b%b1%ec%84%b8%ed%8a%b8\/"},"modified":"2023-07-24T16:11:59","modified_gmt":"2023-07-24T07:11:59","slug":"set-que-hac-sam-hong-sam-cao-cap","status":"publish","type":"product","link":"https:\/\/gracehongsam.com\/vi\/product\/set-que-hac-sam-hong-sam-cao-cap\/","title":{"rendered":"Set que h\u1eafc s\u00e2m &#8211; h\u1ed3ng s\u00e2m cao c\u1ea5p"},"content":{"rendered":"","protected":false},"excerpt":{"rendered":"<table width=\"586\">\n<tbody>\n<tr>\n<td width=\"121\">Kh\u1ed1i l\u01b0\u1ee3ng t\u1ecbnh<\/td>\n<td width=\"465\">Que H\u1eafc S\u00e2m 12ml x 10 G\u00f3i x 2<br \/>\nQue H\u1ed3ng S\u00e2m  12ml x 10 G\u00f3i x 1 <\/td>\n<\/tr>\n<tr>\n<td>Nguy\u00ean li\u1ec7u v\u00e0 h\u00e0m l\u01b0\u1ee3ng\n<\/td>\n<td width=\"465\">&#8220;Que h\u1eafc s\u00e2m : 60% chi\u1ebft xu\u1ea5t t\u1eeb h\u1eafc s\u00e2m, 2% n\u01b0\u1edbc u\u1ed1ng c\u00f4 \u0111\u1eb7c h\u1eafc s\u00e2m ,chi\u1ebft xu\u1ea5t h\u1ed7n h\u1ee3p t\u1eeb th\u1ef1c v\u1eadt [nh\u01b0 chi ng\u01b0u t\u1ea5t, \u0111\u1ecba ho\u00e0ng, th\u1ea3o m\u1ed9c], \u0111\u01b0\u1eddng Fructooligo saccharide<br \/>\nQue H\u1ed3ng s\u00e2m: 60% chi\u1ebft xu\u1ea5t t\u1eeb h\u1ed3ng s\u00e2m , 2% n\u01b0\u1edbc u\u1ed1ng c\u00f4 \u0111\u1eb7c h\u1ed3ng s\u00e2m l\u00ean men 6 n\u0103m, chi\u1ebft xu\u1ea5t h\u1ed7n h\u1ee3p t\u1eeb th\u1ef1c v\u1eadt [nh\u01b0 chi ng\u01b0u t\u1ea5t, \u0111\u1ecba ho\u00e0ng, th\u1ea3o m\u1ed9c ], \u0111\u01b0\u1eddng Fructooligo saccharide&#8221;\n<\/td>\n<\/tr>\n<\/tbody>\n<\/table>\n","protected":false},"featured_media":1056,"comment_status":"closed","ping_status":"closed","template":"","meta":{"inline_featured_image":false},"product_cat":[60],"product_tag":[],"_links":{"self":[{"href":"https:\/\/gracehongsam.com\/vi\/wp-json\/wp\/v3\/product\/1179"}],"collection":[{"href":"https:\/\/gracehongsam.com\/vi\/wp-json\/wp\/v3\/product"}],"about":[{"href":"https:\/\/gracehongsam.com\/vi\/wp-json\/wp\/v2\/types\/product"}],"replies":[{"embeddable":true,"href":"https:\/\/gracehongsam.com\/vi\/wp-json\/wp\/v2\/comments?post=1179"}],"wp:featuredmedia":[{"embeddable":true,"href":"https:\/\/gracehongsam.com\/vi\/wp-json\/wp\/v2\/media\/1056"}],"wp:attachment":[{"href":"https:\/\/gracehongsam.com\/vi\/wp-json\/wp\/v2\/media?parent=1179"}],"wp:term":[{"taxonomy":"product_cat","embeddable":true,"href":"https:\/\/gracehongsam.com\/vi\/wp-json\/wp\/v2\/product_cat?post=1179"},{"taxonomy":"product_tag","embeddable":true,"href":"https:\/\/gracehongsam.com\/vi\/wp-json\/wp\/v2\/product_tag?post=1179"}],"curies":[{"name":"wp","href":"https:\/\/api.w.org\/{rel}","templated":true}]}}