{"id":1178,"date":"2023-05-10T10:34:57","date_gmt":"2023-05-10T01:34:57","guid":{"rendered":"https:\/\/gracehongsam.com\/product\/%ea%b3%a0%eb%a0%a4%ed%99%8d%ec%82%bc%ec%a0%95-%ed%94%84%eb%a6%ac%eb%af%b8%ec%97%84-2\/"},"modified":"2023-07-24T16:06:24","modified_gmt":"2023-07-24T07:06:24","slug":"hong-sam-han-quoc-cao-cap-2","status":"publish","type":"product","link":"https:\/\/gracehongsam.com\/vi\/product\/hong-sam-han-quoc-cao-cap-2\/","title":{"rendered":"H\u1ed3ng s\u00e2m H\u00e0n Qu\u1ed1c cao c\u1ea5p"},"content":{"rendered":"","protected":false},"excerpt":{"rendered":"<table width=\"586\">\n<tbody>\n<tr>\n<td width=\"121\">Kh\u1ed1i l\u01b0\u1ee3ng t\u1ecbnh<\/td>\n<td width=\"465\">360ml(12ml x 30 g\u00f3i)\n<\/td>\n<\/tr>\n<tr>\n<td>Nguy\u00ean li\u1ec7u v\u00e0 h\u00e0m l\u01b0\u1ee3ng<\/td>\n<td width=\"465\">H\u1ed3ng s\u00e2m c\u00f4 \u0111\u1eb7c (n\u1ed9i \u0111\u1ecba, h\u1ed3ng s\u00e2m 100%, h\u00e0m l\u01b0\u1ee3ng r\u1eafn 60% tr\u1edf l\u00ean, t\u1ed5ng h\u1ee3p th\u00e0nh ph\u1ea7n ginsenoside Rg1, Rb1, Rb3 7mg\/g) 30%, n\u01b0\u1edbc tinh khi\u1ebft<\/p>\n<\/td>\n<\/tr>\n<\/tbody>\n<\/table>\n","protected":false},"featured_media":1055,"comment_status":"closed","ping_status":"closed","template":"","meta":{"inline_featured_image":false},"product_cat":[60],"product_tag":[],"_links":{"self":[{"href":"https:\/\/gracehongsam.com\/vi\/wp-json\/wp\/v3\/product\/1178"}],"collection":[{"href":"https:\/\/gracehongsam.com\/vi\/wp-json\/wp\/v3\/product"}],"about":[{"href":"https:\/\/gracehongsam.com\/vi\/wp-json\/wp\/v2\/types\/product"}],"replies":[{"embeddable":true,"href":"https:\/\/gracehongsam.com\/vi\/wp-json\/wp\/v2\/comments?post=1178"}],"wp:featuredmedia":[{"embeddable":true,"href":"https:\/\/gracehongsam.com\/vi\/wp-json\/wp\/v2\/media\/1055"}],"wp:attachment":[{"href":"https:\/\/gracehongsam.com\/vi\/wp-json\/wp\/v2\/media?parent=1178"}],"wp:term":[{"taxonomy":"product_cat","embeddable":true,"href":"https:\/\/gracehongsam.com\/vi\/wp-json\/wp\/v2\/product_cat?post=1178"},{"taxonomy":"product_tag","embeddable":true,"href":"https:\/\/gracehongsam.com\/vi\/wp-json\/wp\/v2\/product_tag?post=1178"}],"curies":[{"name":"wp","href":"https:\/\/api.w.org\/{rel}","templated":true}]}}