{"id":1177,"date":"2023-05-10T10:30:41","date_gmt":"2023-05-10T01:30:41","guid":{"rendered":"https:\/\/gracehongsam.com\/product\/%eb%b0%9c%ed%9a%a8%ed%99%8d%ec%82%bc%ec%a0%95-%ed%95%98%eb%a3%a8%ed%99%9c%eb%a0%a5\/"},"modified":"2023-07-24T16:03:35","modified_gmt":"2023-07-24T07:03:35","slug":"nang-luong-hang-ngay-tu-nuoc-uong-dac-trung-hac-sam-len-men","status":"publish","type":"product","link":"https:\/\/gracehongsam.com\/vi\/product\/nang-luong-hang-ngay-tu-nuoc-uong-dac-trung-hac-sam-len-men\/","title":{"rendered":"N\u0103ng l\u01b0\u1ee3ng h\u00e0ng ng\u00e0y t\u1eeb n\u01b0\u1edbc u\u1ed1ng \u0111\u1eb7c tr\u01b0ng h\u1eafc s\u00e2m l\u00ean men"},"content":{"rendered":"","protected":false},"excerpt":{"rendered":"<table width=\"586\">\n<tbody>\n<tr>\n<td width=\"121\">Kh\u1ed1i l\u01b0\u1ee3ng t\u1ecbnh<\/td>\n<td width=\"465\">900ml(15ml x 60 g\u00f3i)<\/td>\n<\/tr>\n<tr>\n<td>Nguy\u00ean li\u1ec7u v\u00e0 h\u00e0m l\u01b0\u1ee3ng\n<\/td>\n<td width=\"465\">H\u1ed3ng s\u00e2m c\u00f4 \u0111\u1eb7c (h\u00e0m l\u01b0\u1ee3ng r\u1eafn 60%, th\u00e0nh ph\u1ea7n h\u1ed3ng s\u00e2m 70mg\/g, n\u1ed9i \u0111\u1ecba) 10%,h\u1ed3ng s\u00e2m c\u00f4 \u0111\u1eb7c l\u00ean men (h\u00e0m l\u01b0\u1ee3ng r\u1eafn 60%, n\u1ed9i \u0111\u1ecba) 2%, maltodextrin, chi\u1ebft xu\u1ea5t h\u1ed7n h\u1ee3p t\u1eeb th\u1ef1c v\u1eadt [nh\u01b0 c\u1ee7 ngh\u1ec7, nh\u00e2n s\u00e2m, v\u00e0 \u0111\u1ecba ho\u00e0ng], n\u01b0\u1edbc tinh khi\u1ebft, \u0111\u01b0\u1eddng Fructooligo saccharide , chi\u1ebft xu\u1ea5t qu\u1ea3 l\u00ea, chi\u1ebft xu\u1ea5t n\u1ea5m linh chi\n<\/td>\n<\/tr>\n<\/tbody>\n<\/table>\n","protected":false},"featured_media":1054,"comment_status":"closed","ping_status":"closed","template":"","meta":{"inline_featured_image":false},"product_cat":[60],"product_tag":[],"_links":{"self":[{"href":"https:\/\/gracehongsam.com\/vi\/wp-json\/wp\/v3\/product\/1177"}],"collection":[{"href":"https:\/\/gracehongsam.com\/vi\/wp-json\/wp\/v3\/product"}],"about":[{"href":"https:\/\/gracehongsam.com\/vi\/wp-json\/wp\/v2\/types\/product"}],"replies":[{"embeddable":true,"href":"https:\/\/gracehongsam.com\/vi\/wp-json\/wp\/v2\/comments?post=1177"}],"wp:featuredmedia":[{"embeddable":true,"href":"https:\/\/gracehongsam.com\/vi\/wp-json\/wp\/v2\/media\/1054"}],"wp:attachment":[{"href":"https:\/\/gracehongsam.com\/vi\/wp-json\/wp\/v2\/media?parent=1177"}],"wp:term":[{"taxonomy":"product_cat","embeddable":true,"href":"https:\/\/gracehongsam.com\/vi\/wp-json\/wp\/v2\/product_cat?post=1177"},{"taxonomy":"product_tag","embeddable":true,"href":"https:\/\/gracehongsam.com\/vi\/wp-json\/wp\/v2\/product_tag?post=1177"}],"curies":[{"name":"wp","href":"https:\/\/api.w.org\/{rel}","templated":true}]}}