{"id":1174,"date":"2023-05-09T18:22:43","date_gmt":"2023-05-09T09:22:43","guid":{"rendered":"https:\/\/gracehongsam.com\/product\/%ea%b3%a0%eb%a0%a4%ed%99%8d%ec%82%bc%ec%a0%95-%ed%94%84%eb%a6%ac%eb%af%b8%ec%97%84\/"},"modified":"2023-07-24T15:58:06","modified_gmt":"2023-07-24T06:58:06","slug":"hong-sam-han-quoc-cao-cap","status":"publish","type":"product","link":"https:\/\/gracehongsam.com\/vi\/product\/hong-sam-han-quoc-cao-cap\/","title":{"rendered":"H\u1ed3ng s\u00e2m H\u00e0n Qu\u1ed1c cao c\u1ea5p"},"content":{"rendered":"","protected":false},"excerpt":{"rendered":"<table width=\"586\">\n<tbody>\n<tr>\n<td width=\"121\">Kh\u1ed1i l\u01b0\u1ee3ng t\u1ecbnh<\/td>\n<td width=\"465\">50g \/ 240g \/ 500g<\/td>\n<\/tr>\n<tr>\n<td>Nguy\u00ean li\u1ec7u v\u00e0 h\u00e0m l\u01b0\u1ee3ng\n<\/td>\n<td width=\"465\">H\u1ed3ng s\u00e2m c\u00f4 \u0111\u1eb7c (h\u1ed3ng s\u00e2m n\u1ed9i \u0111\u1ecba 100%, h\u00e0m l\u01b0\u1ee3ng r\u1eafn t\u1eeb 60% tr\u1edf l\u00ean, ginsenoside Rg1, Rb1, Rb3 t\u1ed5ng c\u1ed9ng 7mg\/g) 100%<br \/>\nM\u1ee9c ti\u00eau th\u1ee5 h\u00e0ng ng\u00e0y c\u1ee7a ginsenoside: 21mg<\/td>\n<\/tr>\n<\/tbody>\n<\/table>\n","protected":false},"featured_media":1050,"comment_status":"closed","ping_status":"closed","template":"","meta":{"inline_featured_image":false},"product_cat":[59],"product_tag":[],"_links":{"self":[{"href":"https:\/\/gracehongsam.com\/vi\/wp-json\/wp\/v3\/product\/1174"}],"collection":[{"href":"https:\/\/gracehongsam.com\/vi\/wp-json\/wp\/v3\/product"}],"about":[{"href":"https:\/\/gracehongsam.com\/vi\/wp-json\/wp\/v2\/types\/product"}],"replies":[{"embeddable":true,"href":"https:\/\/gracehongsam.com\/vi\/wp-json\/wp\/v2\/comments?post=1174"}],"wp:featuredmedia":[{"embeddable":true,"href":"https:\/\/gracehongsam.com\/vi\/wp-json\/wp\/v2\/media\/1050"}],"wp:attachment":[{"href":"https:\/\/gracehongsam.com\/vi\/wp-json\/wp\/v2\/media?parent=1174"}],"wp:term":[{"taxonomy":"product_cat","embeddable":true,"href":"https:\/\/gracehongsam.com\/vi\/wp-json\/wp\/v2\/product_cat?post=1174"},{"taxonomy":"product_tag","embeddable":true,"href":"https:\/\/gracehongsam.com\/vi\/wp-json\/wp\/v2\/product_tag?post=1174"}],"curies":[{"name":"wp","href":"https:\/\/api.w.org\/{rel}","templated":true}]}}