{"id":1101,"date":"2023-05-09T10:00:19","date_gmt":"2023-05-09T01:00:19","guid":{"rendered":"https:\/\/gracehongsam.com\/company\/history\/"},"modified":"2023-07-24T11:56:01","modified_gmt":"2023-07-24T02:56:01","slug":"history","status":"publish","type":"page","link":"https:\/\/gracehongsam.com\/vi\/company\/history\/","title":{"rendered":"History"},"content":{"rendered":"\t\t<div data-elementor-type=\"wp-page\" data-elementor-id=\"1101\" class=\"elementor elementor-1101\">\n\t\t\t\t\t\t\t\t\t<section data-particle_enable=\"false\" data-particle-mobile-disabled=\"false\" class=\"wd-negative-gap elementor-section elementor-top-section elementor-element elementor-element-2096311b wd-section-stretch elementor-section-boxed elementor-section-height-default elementor-section-height-default\" data-id=\"2096311b\" data-element_type=\"section\" data-settings=\"{&quot;background_background&quot;:&quot;classic&quot;}\">\n\t\t\t\t\t\t\t<div class=\"elementor-background-overlay\"><\/div>\n\t\t\t\t\t\t\t<div class=\"elementor-container elementor-column-gap-default\">\n\t\t\t\t\t<div class=\"elementor-column elementor-col-100 elementor-top-column elementor-element elementor-element-5fc2aec7\" data-id=\"5fc2aec7\" data-element_type=\"column\">\n\t\t\t<div class=\"elementor-widget-wrap elementor-element-populated\">\n\t\t\t\t\t\t\t\t<div class=\"elementor-element elementor-element-27ffd471 main-title animated-fast elementor-invisible elementor-widget elementor-widget-heading\" data-id=\"27ffd471\" data-element_type=\"widget\" data-settings=\"{&quot;_animation&quot;:&quot;fadeInDown&quot;}\" data-widget_type=\"heading.default\">\n\t\t\t\t<div class=\"elementor-widget-container\">\n\t\t\t<style>\/*! elementor - v3.13.0 - 08-05-2023 *\/\n.elementor-heading-title{padding:0;margin:0;line-height:1}.elementor-widget-heading .elementor-heading-title[class*=elementor-size-]>a{color:inherit;font-size:inherit;line-height:inherit}.elementor-widget-heading .elementor-heading-title.elementor-size-small{font-size:15px}.elementor-widget-heading .elementor-heading-title.elementor-size-medium{font-size:19px}.elementor-widget-heading .elementor-heading-title.elementor-size-large{font-size:29px}.elementor-widget-heading .elementor-heading-title.elementor-size-xl{font-size:39px}.elementor-widget-heading .elementor-heading-title.elementor-size-xxl{font-size:59px}<\/style><h4 class=\"elementor-heading-title elementor-size-default\">Gi\u1edbi thi\u1ec7u c\u00f4ng ty \n<\/h4>\t\t<\/div>\n\t\t\t\t<\/div>\n\t\t\t\t<div class=\"elementor-element elementor-element-3bd24594 elementor-widget-divider--view-line elementor-widget elementor-widget-divider\" data-id=\"3bd24594\" data-element_type=\"widget\" data-widget_type=\"divider.default\">\n\t\t\t\t<div class=\"elementor-widget-container\">\n\t\t\t<style>\/*! elementor - v3.13.0 - 08-05-2023 *\/\n.elementor-widget-divider{--divider-border-style:none;--divider-border-width:1px;--divider-color:#0c0d0e;--divider-icon-size:20px;--divider-element-spacing:10px;--divider-pattern-height:24px;--divider-pattern-size:20px;--divider-pattern-url:none;--divider-pattern-repeat:repeat-x}.elementor-widget-divider .elementor-divider{display:flex}.elementor-widget-divider .elementor-divider__text{font-size:15px;line-height:1;max-width:95%}.elementor-widget-divider .elementor-divider__element{margin:0 var(--divider-element-spacing);flex-shrink:0}.elementor-widget-divider .elementor-icon{font-size:var(--divider-icon-size)}.elementor-widget-divider .elementor-divider-separator{display:flex;margin:0;direction:ltr}.elementor-widget-divider--view-line_icon .elementor-divider-separator,.elementor-widget-divider--view-line_text .elementor-divider-separator{align-items:center}.elementor-widget-divider--view-line_icon .elementor-divider-separator:after,.elementor-widget-divider--view-line_icon .elementor-divider-separator:before,.elementor-widget-divider--view-line_text .elementor-divider-separator:after,.elementor-widget-divider--view-line_text .elementor-divider-separator:before{display:block;content:\"\";border-bottom:0;flex-grow:1;border-top:var(--divider-border-width) var(--divider-border-style) var(--divider-color)}.elementor-widget-divider--element-align-left .elementor-divider .elementor-divider-separator>.elementor-divider__svg:first-of-type{flex-grow:0;flex-shrink:100}.elementor-widget-divider--element-align-left .elementor-divider-separator:before{content:none}.elementor-widget-divider--element-align-left .elementor-divider__element{margin-left:0}.elementor-widget-divider--element-align-right .elementor-divider .elementor-divider-separator>.elementor-divider__svg:last-of-type{flex-grow:0;flex-shrink:100}.elementor-widget-divider--element-align-right .elementor-divider-separator:after{content:none}.elementor-widget-divider--element-align-right .elementor-divider__element{margin-right:0}.elementor-widget-divider:not(.elementor-widget-divider--view-line_text):not(.elementor-widget-divider--view-line_icon) .elementor-divider-separator{border-top:var(--divider-border-width) var(--divider-border-style) var(--divider-color)}.elementor-widget-divider--separator-type-pattern{--divider-border-style:none}.elementor-widget-divider--separator-type-pattern.elementor-widget-divider--view-line .elementor-divider-separator,.elementor-widget-divider--separator-type-pattern:not(.elementor-widget-divider--view-line) .elementor-divider-separator:after,.elementor-widget-divider--separator-type-pattern:not(.elementor-widget-divider--view-line) .elementor-divider-separator:before,.elementor-widget-divider--separator-type-pattern:not([class*=elementor-widget-divider--view]) .elementor-divider-separator{width:100%;min-height:var(--divider-pattern-height);-webkit-mask-size:var(--divider-pattern-size) 100%;mask-size:var(--divider-pattern-size) 100%;-webkit-mask-repeat:var(--divider-pattern-repeat);mask-repeat:var(--divider-pattern-repeat);background-color:var(--divider-color);-webkit-mask-image:var(--divider-pattern-url);mask-image:var(--divider-pattern-url)}.elementor-widget-divider--no-spacing{--divider-pattern-size:auto}.elementor-widget-divider--bg-round{--divider-pattern-repeat:round}.rtl .elementor-widget-divider .elementor-divider__text{direction:rtl}.e-con-inner>.elementor-widget-divider,.e-con>.elementor-widget-divider{width:var(--container-widget-width,100%);--flex-grow:var(--container-widget-flex-grow)}<\/style>\t\t<div class=\"elementor-divider\">\n\t\t\t<span class=\"elementor-divider-separator\">\n\t\t\t\t\t\t<\/span>\n\t\t<\/div>\n\t\t\t\t<\/div>\n\t\t\t\t<\/div>\n\t\t\t\t\t<\/div>\n\t\t<\/div>\n\t\t\t\t\t\t\t<\/div>\n\t\t<\/section>\n\t\t\t\t<section data-particle_enable=\"false\" data-particle-mobile-disabled=\"false\" class=\"wd-negative-gap elementor-section elementor-top-section elementor-element elementor-element-51a10046 wd-section-stretch elementor-section-boxed elementor-section-height-default elementor-section-height-default\" data-id=\"51a10046\" data-element_type=\"section\" data-settings=\"{&quot;background_background&quot;:&quot;classic&quot;}\">\n\t\t\t\t\t\t<div class=\"elementor-container elementor-column-gap-default\">\n\t\t\t\t\t<div class=\"elementor-column elementor-col-100 elementor-top-column elementor-element elementor-element-6d7826dd\" data-id=\"6d7826dd\" data-element_type=\"column\">\n\t\t\t<div class=\"elementor-widget-wrap elementor-element-populated\">\n\t\t\t\t\t\t\t\t<div class=\"elementor-element elementor-element-6db5f17f elementor-nav-menu__align-center elementor-nav-menu__text-align-center page-mddle-menu elementor-nav-menu--dropdown-tablet elementor-nav-menu--toggle elementor-nav-menu--burger elementor-widget elementor-widget-nav-menu\" data-id=\"6db5f17f\" data-element_type=\"widget\" data-settings=\"{&quot;layout&quot;:&quot;horizontal&quot;,&quot;submenu_icon&quot;:{&quot;value&quot;:&quot;&lt;i class=\\&quot;fas fa-caret-down\\&quot;&gt;&lt;\\\/i&gt;&quot;,&quot;library&quot;:&quot;fa-solid&quot;},&quot;toggle&quot;:&quot;burger&quot;}\" data-widget_type=\"nav-menu.default\">\n\t\t\t\t<div class=\"elementor-widget-container\">\n\t\t\t<link rel=\"stylesheet\" href=\"https:\/\/gracehongsam.com\/wp-content\/plugins\/elementor-pro\/assets\/css\/widget-nav-menu.min.css\">\t\t\t<nav migration_allowed=\"1\" migrated=\"0\" class=\"elementor-nav-menu--main elementor-nav-menu__container elementor-nav-menu--layout-horizontal e--pointer-underline e--animation-fade\">\n\t\t\t\t<ul id=\"menu-1-6db5f17f\" class=\"elementor-nav-menu\"><li class=\"menu-item menu-item-type-post_type menu-item-object-page menu-item-1232\"><a href=\"https:\/\/gracehongsam.com\/vi\/company\/ceo-message\/\" class=\"elementor-item\">L\u1eddi ch\u00e0o c\u1ee7a gi\u00e1m \u0111\u1ed1c \u0111i\u1ec1u h\u00e0nh<\/a><\/li>\n<li class=\"menu-item menu-item-type-post_type menu-item-object-page menu-item-1231\"><a href=\"https:\/\/gracehongsam.com\/vi\/company\/history\/\" class=\"elementor-item\">L\u1ecbch s\u1eed ph\u00e1t tri\u1ec3n<\/a><\/li>\n<li class=\"menu-item menu-item-type-post_type menu-item-object-page menu-item-1230\"><a href=\"https:\/\/gracehongsam.com\/vi\/company\/location\/\" class=\"elementor-item\">H\u01b0\u1edbng d\u1eabn v\u1ecb tr\u00ed<\/a><\/li>\n<\/ul>\t\t\t<\/nav>\n\t\t\t\t\t<div class=\"elementor-menu-toggle\" role=\"button\" tabindex=\"0\" aria-label=\"Menu Toggle\" aria-expanded=\"false\">\n\t\t\t<i aria-hidden=\"true\" role=\"presentation\" class=\"elementor-menu-toggle__icon--open eicon-menu-bar\"><\/i><i aria-hidden=\"true\" role=\"presentation\" class=\"elementor-menu-toggle__icon--close eicon-close\"><\/i>\t\t\t<span class=\"elementor-screen-only\">Menu<\/span>\n\t\t<\/div>\n\t\t\t\t\t<nav class=\"elementor-nav-menu--dropdown elementor-nav-menu__container\" aria-hidden=\"true\">\n\t\t\t\t<ul id=\"menu-2-6db5f17f\" class=\"elementor-nav-menu\"><li class=\"menu-item menu-item-type-post_type menu-item-object-page menu-item-1232\"><a href=\"https:\/\/gracehongsam.com\/vi\/company\/ceo-message\/\" class=\"elementor-item\" tabindex=\"-1\">L\u1eddi ch\u00e0o c\u1ee7a gi\u00e1m \u0111\u1ed1c \u0111i\u1ec1u h\u00e0nh<\/a><\/li>\n<li class=\"menu-item menu-item-type-post_type menu-item-object-page menu-item-1231\"><a href=\"https:\/\/gracehongsam.com\/vi\/company\/history\/\" class=\"elementor-item\" tabindex=\"-1\">L\u1ecbch s\u1eed ph\u00e1t tri\u1ec3n<\/a><\/li>\n<li class=\"menu-item menu-item-type-post_type menu-item-object-page menu-item-1230\"><a href=\"https:\/\/gracehongsam.com\/vi\/company\/location\/\" class=\"elementor-item\" tabindex=\"-1\">H\u01b0\u1edbng d\u1eabn v\u1ecb tr\u00ed<\/a><\/li>\n<\/ul>\t\t\t<\/nav>\n\t\t\t\t<\/div>\n\t\t\t\t<\/div>\n\t\t\t\t\t<\/div>\n\t\t<\/div>\n\t\t\t\t\t\t\t<\/div>\n\t\t<\/section>\n\t\t\t\t<section data-particle_enable=\"false\" data-particle-mobile-disabled=\"false\" class=\"wd-negative-gap elementor-section elementor-top-section elementor-element elementor-element-69108403 elementor-section-boxed elementor-section-height-default elementor-section-height-default wd-section-disabled\" data-id=\"69108403\" data-element_type=\"section\">\n\t\t\t\t\t\t<div class=\"elementor-container elementor-column-gap-default\">\n\t\t\t\t\t<div class=\"elementor-column elementor-col-100 elementor-top-column elementor-element elementor-element-24adf10e\" data-id=\"24adf10e\" data-element_type=\"column\">\n\t\t\t<div class=\"elementor-widget-wrap elementor-element-populated\">\n\t\t\t\t\t\t\t\t<section data-particle_enable=\"false\" data-particle-mobile-disabled=\"false\" class=\"elementor-section elementor-inner-section elementor-element elementor-element-6a22cb59 elementor-section-full_width elementor-section-height-default elementor-section-height-default wd-section-disabled\" data-id=\"6a22cb59\" data-element_type=\"section\">\n\t\t\t\t\t\t<div class=\"elementor-container elementor-column-gap-default\">\n\t\t\t\t\t<div class=\"elementor-column elementor-col-100 elementor-inner-column elementor-element elementor-element-75c013a9\" data-id=\"75c013a9\" data-element_type=\"column\">\n\t\t\t<div class=\"elementor-widget-wrap elementor-element-populated\">\n\t\t\t\t\t\t\t\t<div class=\"elementor-element elementor-element-17861a79 main-title elementor-widget elementor-widget-heading\" data-id=\"17861a79\" data-element_type=\"widget\" data-widget_type=\"heading.default\">\n\t\t\t\t<div class=\"elementor-widget-container\">\n\t\t\t<h4 class=\"elementor-heading-title elementor-size-default\">L\u1ecbch s\u1eed ph\u00e1t tri\u1ec3n\n<\/h4>\t\t<\/div>\n\t\t\t\t<\/div>\n\t\t\t\t\t<\/div>\n\t\t<\/div>\n\t\t\t\t\t\t\t<\/div>\n\t\t<\/section>\n\t\t\t\t\t<\/div>\n\t\t<\/div>\n\t\t\t\t\t\t\t<\/div>\n\t\t<\/section>\n\t\t\t\t<section data-particle_enable=\"false\" data-particle-mobile-disabled=\"false\" class=\"wd-negative-gap elementor-section elementor-top-section elementor-element elementor-element-5cbb4a05 elementor-section-boxed elementor-section-height-default elementor-section-height-default wd-section-disabled\" data-id=\"5cbb4a05\" data-element_type=\"section\">\n\t\t\t\t\t\t<div class=\"elementor-container elementor-column-gap-default\">\n\t\t\t\t\t<div class=\"elementor-column elementor-col-100 elementor-top-column elementor-element elementor-element-7ce72dbd\" data-id=\"7ce72dbd\" data-element_type=\"column\">\n\t\t\t<div class=\"elementor-widget-wrap elementor-element-populated\">\n\t\t\t\t\t\t\t\t<div class=\"elementor-element elementor-element-723447c3 elementor-widget elementor-widget-wd_timeline\" data-id=\"723447c3\" data-element_type=\"widget\" data-widget_type=\"wd_timeline.default\">\n\t\t\t\t<div class=\"elementor-widget-container\">\n\t\t\t\t\t<div class=\"wd-timeline-wrapper wd-item-default wd-line-default\">\n\t\t\t<div class=\"woodmart-timeline-line\">\n\t\t\t\t<span class=\"line-dot dot-start\"><\/span>\n\t\t\t\t<span class=\"line-dot dot-end\"><\/span>\n\t\t\t<\/div>\n\n\t\t\t<div class=\"wd-timeline\">\n\t\t\t\t\t\t\t\t\t\t\t\t\t\t\t\t\t\t\t\t<div class=\"wd-timeline-item wd-item-position-left elementor-repeater-item-aef73d4\">\n\t\t\t\t\t\t\t<div class=\"woodmart-timeline-dot\"><\/div>\n\n\t\t\t\t\t\t\t<div class=\"timeline-col timeline-col-primary\">\n\t\t\t\t\t\t\t\t<span class=\"timeline-arrow\"><\/span>\n\t\t\t\t\t\t\t\t\n\t\t\t\t\t\t\t\t\n\t\t\t\t\t\t\t\t<div class=\"wd-timeline-content set-cont-mb-s reset-last-child\">\n\t\t\t\t\t\t\t\t\t<p><strong>Th\u00e1ng 6.<\/strong> Ch\u1ee9ng nh\u1eadn h\u1ec7 th\u1ed1ng qu\u1ea3n l\u00fd m\u00f4i tr\u01b0\u1eddng ISO14001<br \/><strong>Th\u00e1ng 10.<\/strong> Ch\u1ee9ng nh\u1eadn h\u1ec7 th\u1ed1ng qu\u1ea3n l\u00fd an to\u00e0n v\u00e0 s\u1ee9c kh\u1ecfe ngh\u1ec1 nghi\u1ec7p ISO45001<\/p>\t\t\t\t\t\t\t\t<\/div>\n\t\t\t\t\t\t\t<\/div>\n\n\t\t\t\t\t\t\t<div class=\"timeline-col timeline-col-secondary\">\n\t\t\t\t\t\t\t\t<span class=\"timeline-arrow\"><\/span>\n\t\t\t\t\t\t\t\t\n\t\t\t\t\t\t\t\t\t\t\t\t\t\t\t\t\t<h4 class=\"wd-timeline-title\">\n\t\t\t\t\t\t\t\t\t\t2022\t\t\t\t\t\t\t\t\t<\/h4>\n\t\t\t\t\t\t\t\t\n\t\t\t\t\t\t\t\t<div class=\"wd-timeline-content set-cont-mb-s reset-last-child\">\n\t\t\t\t\t\t\t\t\t\t\t\t\t\t\t\t\t<\/div>\n\t\t\t\t\t\t\t<\/div>\n\t\t\t\t\t\t<\/div>\n\t\t\t\t\t\t\t\t\t\t\t\t\t\t\t\t\t\t\t\t\t\t\t\t\t<div class=\"wd-timeline-item wd-item-position-right elementor-repeater-item-f8b78ec\">\n\t\t\t\t\t\t\t<div class=\"woodmart-timeline-dot\"><\/div>\n\n\t\t\t\t\t\t\t<div class=\"timeline-col timeline-col-primary\">\n\t\t\t\t\t\t\t\t<span class=\"timeline-arrow\"><\/span>\n\t\t\t\t\t\t\t\t\n\t\t\t\t\t\t\t\t\n\t\t\t\t\t\t\t\t<div class=\"wd-timeline-content set-cont-mb-s reset-last-child\">\n\t\t\t\t\t\t\t\t\t<p><strong>Th\u00e1ng 4.<\/strong> Ch\u1ee9ng nh\u1eadn h\u1ec7 th\u1ed1ng qu\u1ea3n l\u00fd an to\u00e0n th\u1ef1c ph\u1ea9m ISO22000<br \/><strong>Th\u00e1ng 10.<\/strong> Ch\u1ee9ng nh\u1eadn xu\u1ea5t kh\u1ea9u ngu\u1ed3n g\u1ed1c s\u1ea3n xu\u1ea5t (EU)<\/p>\t\t\t\t\t\t\t\t<\/div>\n\t\t\t\t\t\t\t<\/div>\n\n\t\t\t\t\t\t\t<div class=\"timeline-col timeline-col-secondary\">\n\t\t\t\t\t\t\t\t<span class=\"timeline-arrow\"><\/span>\n\t\t\t\t\t\t\t\t\n\t\t\t\t\t\t\t\t\t\t\t\t\t\t\t\t\t<h4 class=\"wd-timeline-title\">\n\t\t\t\t\t\t\t\t\t\t2021\t\t\t\t\t\t\t\t\t<\/h4>\n\t\t\t\t\t\t\t\t\n\t\t\t\t\t\t\t\t<div class=\"wd-timeline-content set-cont-mb-s reset-last-child\">\n\t\t\t\t\t\t\t\t\t\t\t\t\t\t\t\t\t<\/div>\n\t\t\t\t\t\t\t<\/div>\n\t\t\t\t\t\t<\/div>\n\t\t\t\t\t\t\t\t\t\t\t\t\t\t\t\t\t\t\t\t\t\t\t\t\t<div class=\"wd-timeline-item wd-item-position-left elementor-repeater-item-79d3231\">\n\t\t\t\t\t\t\t<div class=\"woodmart-timeline-dot\"><\/div>\n\n\t\t\t\t\t\t\t<div class=\"timeline-col timeline-col-primary\">\n\t\t\t\t\t\t\t\t<span class=\"timeline-arrow\"><\/span>\n\t\t\t\t\t\t\t\t\n\t\t\t\t\t\t\t\t\n\t\t\t\t\t\t\t\t<div class=\"wd-timeline-content set-cont-mb-s reset-last-child\">\n\t\t\t\t\t\t\t\t\t<p><strong>Th\u00e1ng 4.<\/strong> Ch\u1ee9ng nh\u1eadn C\u01a1 s\u1edf \u0111\u00e1nh gi\u00e1 r\u1ee7i ro xu\u1ea5t s\u1eafc<br \/><strong>Th\u00e1ng 12.<\/strong> Ch\u1ee9ng nh\u1eadn h\u1ec7 th\u1ed1ng qu\u1ea3n l\u00fd ch\u1ea5t l\u01b0\u1ee3ng ISO9001<br \/><strong>Th\u00e1ng 12.<\/strong> Nh\u1eadn B\u1eb1ng khen v\u00e0 Hu\u00e2n ch\u01b0\u01a1ng \u0111\u00f3ng g\u00f3p cho ph\u00e1t tri\u1ec3n v\u00e0 xu\u1ea5t kh\u1ea9u ng\u00e0nh c\u00f4ng nghi\u1ec7p nh\u00e2n s\u00e2m t\u1eeb c\u01a1 quan h\u00e0nh ch\u00ednh huy\u1ec7n Geumsan<\/p>\t\t\t\t\t\t\t\t<\/div>\n\t\t\t\t\t\t\t<\/div>\n\n\t\t\t\t\t\t\t<div class=\"timeline-col timeline-col-secondary\">\n\t\t\t\t\t\t\t\t<span class=\"timeline-arrow\"><\/span>\n\t\t\t\t\t\t\t\t\n\t\t\t\t\t\t\t\t\t\t\t\t\t\t\t\t\t<h4 class=\"wd-timeline-title\">\n\t\t\t\t\t\t\t\t\t\t2020\t\t\t\t\t\t\t\t\t<\/h4>\n\t\t\t\t\t\t\t\t\n\t\t\t\t\t\t\t\t<div class=\"wd-timeline-content set-cont-mb-s reset-last-child\">\n\t\t\t\t\t\t\t\t\t\t\t\t\t\t\t\t\t<\/div>\n\t\t\t\t\t\t\t<\/div>\n\t\t\t\t\t\t<\/div>\n\t\t\t\t\t\t\t\t\t\t\t\t\t\t\t\t\t\t\t\t\t\t\t\t\t<div class=\"wd-timeline-item wd-item-position-right elementor-repeater-item-bb24647\">\n\t\t\t\t\t\t\t<div class=\"woodmart-timeline-dot\"><\/div>\n\n\t\t\t\t\t\t\t<div class=\"timeline-col timeline-col-primary\">\n\t\t\t\t\t\t\t\t<span class=\"timeline-arrow\"><\/span>\n\t\t\t\t\t\t\t\t\n\t\t\t\t\t\t\t\t\n\t\t\t\t\t\t\t\t<div class=\"wd-timeline-content set-cont-mb-s reset-last-child\">\n\t\t\t\t\t\t\t\t\t<p><strong>Th\u00e1ng 4.\u00a0<\/strong> Ch\u1ee9ng nh\u1eadn HACCP (ph\u1ea1m vi bao g\u1ed3m n\u01b0\u1edbc tr\u00e0 l\u1ecfng, n\u01b0\u1edbc u\u1ed1ng nh\u00e2n s\u00e2m, n\u01b0\u1edbc ng\u00e2m \u0111\u01b0\u1eddng, v\u00e0 n\u01b0\u1edbc tr\u00e1i c\u00e2y)<\/p>\t\t\t\t\t\t\t\t<\/div>\n\t\t\t\t\t\t\t<\/div>\n\n\t\t\t\t\t\t\t<div class=\"timeline-col timeline-col-secondary\">\n\t\t\t\t\t\t\t\t<span class=\"timeline-arrow\"><\/span>\n\t\t\t\t\t\t\t\t\n\t\t\t\t\t\t\t\t\t\t\t\t\t\t\t\t\t<h4 class=\"wd-timeline-title\">\n\t\t\t\t\t\t\t\t\t\t2019\t\t\t\t\t\t\t\t\t<\/h4>\n\t\t\t\t\t\t\t\t\n\t\t\t\t\t\t\t\t<div class=\"wd-timeline-content set-cont-mb-s reset-last-child\">\n\t\t\t\t\t\t\t\t\t\t\t\t\t\t\t\t\t<\/div>\n\t\t\t\t\t\t\t<\/div>\n\t\t\t\t\t\t<\/div>\n\t\t\t\t\t\t\t\t\t\t\t\t\t\t\t\t\t\t\t\t\t\t\t\t\t<div class=\"wd-timeline-item wd-item-position-left elementor-repeater-item-86a95a8\">\n\t\t\t\t\t\t\t<div class=\"woodmart-timeline-dot\"><\/div>\n\n\t\t\t\t\t\t\t<div class=\"timeline-col timeline-col-primary\">\n\t\t\t\t\t\t\t\t<span class=\"timeline-arrow\"><\/span>\n\t\t\t\t\t\t\t\t\n\t\t\t\t\t\t\t\t\n\t\t\t\t\t\t\t\t<div class=\"wd-timeline-content set-cont-mb-s reset-last-child\">\n\t\t\t\t\t\t\t\t\t<p><strong>Th\u00e1ng 11.<\/strong> Gi\u1ea5y ph\u00e9p kinh doanh s\u1ea3n xu\u1ea5t chuy\u00ean nghi\u1ec7p c\u00e1c s\u1ea3n ph\u1ea9m ch\u1ee9c n\u0103ng cho s\u1ee9c kh\u1ecfe<\/p>\t\t\t\t\t\t\t\t<\/div>\n\t\t\t\t\t\t\t<\/div>\n\n\t\t\t\t\t\t\t<div class=\"timeline-col timeline-col-secondary\">\n\t\t\t\t\t\t\t\t<span class=\"timeline-arrow\"><\/span>\n\t\t\t\t\t\t\t\t\n\t\t\t\t\t\t\t\t\t\t\t\t\t\t\t\t\t<h4 class=\"wd-timeline-title\">\n\t\t\t\t\t\t\t\t\t\t2018\t\t\t\t\t\t\t\t\t<\/h4>\n\t\t\t\t\t\t\t\t\n\t\t\t\t\t\t\t\t<div class=\"wd-timeline-content set-cont-mb-s reset-last-child\">\n\t\t\t\t\t\t\t\t\t\t\t\t\t\t\t\t\t<\/div>\n\t\t\t\t\t\t\t<\/div>\n\t\t\t\t\t\t<\/div>\n\t\t\t\t\t\t\t\t\t\t\t\t\t\t\t\t\t\t\t\t\t\t\t\t\t<div class=\"wd-timeline-item wd-item-position-right elementor-repeater-item-97858e6\">\n\t\t\t\t\t\t\t<div class=\"woodmart-timeline-dot\"><\/div>\n\n\t\t\t\t\t\t\t<div class=\"timeline-col timeline-col-primary\">\n\t\t\t\t\t\t\t\t<span class=\"timeline-arrow\"><\/span>\n\t\t\t\t\t\t\t\t\n\t\t\t\t\t\t\t\t\n\t\t\t\t\t\t\t\t<div class=\"wd-timeline-content set-cont-mb-s reset-last-child\">\n\t\t\t\t\t\t\t\t\t<p><strong>Th\u00e1ng 2<\/strong>. Ch\u1ee9ng nh\u1eadn d\u1ea5u \u0111\u1ecba l\u00fd (h\u1ed3ng s\u00e2m, h\u1eafc s\u00e2m, b\u1ea1ch s\u00e2m, s\u00e2m taekuk)<br \/><strong>Th\u00e1ng 11<\/strong>. Tham gia H\u1ed9i th\u1ea3o \u0111\u00e1nh gi\u00e1 s\u1ea3n ph\u1ea9m nh\u00e2n s\u00e2m Chungcheongnam-do: \u0110\u1ea1t gi\u1ea3i th\u01b0\u1edfng Xu\u1ea5t s\u1eafc nh\u1ea5t<\/p>\t\t\t\t\t\t\t\t<\/div>\n\t\t\t\t\t\t\t<\/div>\n\n\t\t\t\t\t\t\t<div class=\"timeline-col timeline-col-secondary\">\n\t\t\t\t\t\t\t\t<span class=\"timeline-arrow\"><\/span>\n\t\t\t\t\t\t\t\t\n\t\t\t\t\t\t\t\t\t\t\t\t\t\t\t\t\t<h4 class=\"wd-timeline-title\">\n\t\t\t\t\t\t\t\t\t\t2017\t\t\t\t\t\t\t\t\t<\/h4>\n\t\t\t\t\t\t\t\t\n\t\t\t\t\t\t\t\t<div class=\"wd-timeline-content set-cont-mb-s reset-last-child\">\n\t\t\t\t\t\t\t\t\t\t\t\t\t\t\t\t\t<\/div>\n\t\t\t\t\t\t\t<\/div>\n\t\t\t\t\t\t<\/div>\n\t\t\t\t\t\t\t\t\t\t\t\t\t\t\t\t\t\t\t\t\t\t\t\t\t<div class=\"wd-timeline-item wd-item-position-left elementor-repeater-item-4e9e0bf\">\n\t\t\t\t\t\t\t<div class=\"woodmart-timeline-dot\"><\/div>\n\n\t\t\t\t\t\t\t<div class=\"timeline-col timeline-col-primary\">\n\t\t\t\t\t\t\t\t<span class=\"timeline-arrow\"><\/span>\n\t\t\t\t\t\t\t\t\n\t\t\t\t\t\t\t\t\n\t\t\t\t\t\t\t\t<div class=\"wd-timeline-content set-cont-mb-s reset-last-child\">\n\t\t\t\t\t\t\t\t\t<p><strong>Th\u00e1ng 11.<\/strong> chuy\u1ec3n \u0111\u1ed5i th\u00e0nh C\u00f4ng ty h\u1eefu h\u1ea1n n\u00f4ng nghi\u1ec7p h\u1ed3ng s\u00e2m ng\u00e0n n\u0103m (C\u00f4ng ty TNHH)<\/p>\t\t\t\t\t\t\t\t<\/div>\n\t\t\t\t\t\t\t<\/div>\n\n\t\t\t\t\t\t\t<div class=\"timeline-col timeline-col-secondary\">\n\t\t\t\t\t\t\t\t<span class=\"timeline-arrow\"><\/span>\n\t\t\t\t\t\t\t\t\n\t\t\t\t\t\t\t\t\t\t\t\t\t\t\t\t\t<h4 class=\"wd-timeline-title\">\n\t\t\t\t\t\t\t\t\t\t2014\t\t\t\t\t\t\t\t\t<\/h4>\n\t\t\t\t\t\t\t\t\n\t\t\t\t\t\t\t\t<div class=\"wd-timeline-content set-cont-mb-s reset-last-child\">\n\t\t\t\t\t\t\t\t\t\t\t\t\t\t\t\t\t<\/div>\n\t\t\t\t\t\t\t<\/div>\n\t\t\t\t\t\t<\/div>\n\t\t\t\t\t\t\t\t\t\t\t\t\t\t\t\t\t\t\t\t\t\t\t\t\t<div class=\"wd-timeline-item wd-item-position-right elementor-repeater-item-c0ef723\">\n\t\t\t\t\t\t\t<div class=\"woodmart-timeline-dot\"><\/div>\n\n\t\t\t\t\t\t\t<div class=\"timeline-col timeline-col-primary\">\n\t\t\t\t\t\t\t\t<span class=\"timeline-arrow\"><\/span>\n\t\t\t\t\t\t\t\t\n\t\t\t\t\t\t\t\t\n\t\t\t\t\t\t\t\t<div class=\"wd-timeline-content set-cont-mb-s reset-last-child\">\n\t\t\t\t\t\t\t\t\t<p><strong>Th\u00e1ng 5.<\/strong> B\u1eaft \u0111\u1ea7u v\u1edbi ho\u1ea1t \u0111\u1ed9ng th\u1ee7 c\u00f4ng nghi\u1ec7p gia \u0111\u00ecnh<\/p>\t\t\t\t\t\t\t\t<\/div>\n\t\t\t\t\t\t\t<\/div>\n\n\t\t\t\t\t\t\t<div class=\"timeline-col timeline-col-secondary\">\n\t\t\t\t\t\t\t\t<span class=\"timeline-arrow\"><\/span>\n\t\t\t\t\t\t\t\t\n\t\t\t\t\t\t\t\t\t\t\t\t\t\t\t\t\t<h4 class=\"wd-timeline-title\">\n\t\t\t\t\t\t\t\t\t\t1992\t\t\t\t\t\t\t\t\t<\/h4>\n\t\t\t\t\t\t\t\t\n\t\t\t\t\t\t\t\t<div class=\"wd-timeline-content set-cont-mb-s reset-last-child\">\n\t\t\t\t\t\t\t\t\t\t\t\t\t\t\t\t\t<\/div>\n\t\t\t\t\t\t\t<\/div>\n\t\t\t\t\t\t<\/div>\n\t\t\t\t\t\t\t\t\t\t\t\t<\/div>\n\t\t<\/div>\n\t\t\t\t<\/div>\n\t\t\t\t<\/div>\n\t\t\t\t\t<\/div>\n\t\t<\/div>\n\t\t\t\t\t\t\t<\/div>\n\t\t<\/section>\n\t\t\t\t\t\t\t<\/div>\n\t\t","protected":false},"excerpt":{"rendered":"<p>Gi\u1edbi thi\u1ec7u c\u00f4ng ty L\u1ecbch s\u1eed ph\u00e1t tri\u1ec3n Th\u00e1ng 6. Ch\u1ee9ng nh\u1eadn h\u1ec7 th\u1ed1ng qu\u1ea3n l\u00fd m\u00f4i tr\u01b0\u1eddng ISO14001Th\u00e1ng 10.<\/p>\n","protected":false},"author":1,"featured_media":0,"parent":1099,"menu_order":0,"comment_status":"closed","ping_status":"closed","template":"","meta":{"inline_featured_image":false},"_links":{"self":[{"href":"https:\/\/gracehongsam.com\/vi\/wp-json\/wp\/v2\/pages\/1101"}],"collection":[{"href":"https:\/\/gracehongsam.com\/vi\/wp-json\/wp\/v2\/pages"}],"about":[{"href":"https:\/\/gracehongsam.com\/vi\/wp-json\/wp\/v2\/types\/page"}],"author":[{"embeddable":true,"href":"https:\/\/gracehongsam.com\/vi\/wp-json\/wp\/v2\/users\/1"}],"replies":[{"embeddable":true,"href":"https:\/\/gracehongsam.com\/vi\/wp-json\/wp\/v2\/comments?post=1101"}],"version-history":[{"count":3,"href":"https:\/\/gracehongsam.com\/vi\/wp-json\/wp\/v2\/pages\/1101\/revisions"}],"predecessor-version":[{"id":1108,"href":"https:\/\/gracehongsam.com\/vi\/wp-json\/wp\/v2\/pages\/1101\/revisions\/1108"}],"up":[{"embeddable":true,"href":"https:\/\/gracehongsam.com\/vi\/wp-json\/wp\/v2\/pages\/1099"}],"wp:attachment":[{"href":"https:\/\/gracehongsam.com\/vi\/wp-json\/wp\/v2\/media?parent=1101"}],"curies":[{"name":"wp","href":"https:\/\/api.w.org\/{rel}","templated":true}]}}